{"id":1071,"date":"2021-08-31T08:23:16","date_gmt":"2021-08-31T06:23:16","guid":{"rendered":"http:\/\/fablorn.net\/?page_id=1071"},"modified":"2021-08-31T08:24:13","modified_gmt":"2021-08-31T06:24:13","slug":"projet-precious-plastic","status":"publish","type":"page","link":"https:\/\/www.fablorn.net\/index.php\/projet-precious-plastic\/","title":{"rendered":"Projet Pr\u00e9cious Plastic"},"content":{"rendered":"\n<p>Nouveau : Rentr\u00e9e 2021, le Fablab int\u00e8gre la communaut\u00e9 <a href=\"https:\/\/preciousplastic.com\/\" target=\"_blank\" rel=\"noreferrer noopener\" aria-label=\"Pr\u00e9cious Plastic (s\u2019ouvre dans un nouvel onglet)\">Pr\u00e9cious Plastic<\/a> !<\/p>\n\n\n\n<div class=\"wp-block-image\"><figure class=\"aligncenter size-large is-resized\"><img decoding=\"async\" loading=\"lazy\" src=\"http:\/\/fablorn.net\/wp-content\/uploads\/2021\/08\/logo-1024x1024.png\" alt=\"\" class=\"wp-image-1072\" width=\"384\" height=\"384\" srcset=\"https:\/\/www.fablorn.net\/wp-content\/uploads\/2021\/08\/logo-1024x1024.png 1024w, https:\/\/www.fablorn.net\/wp-content\/uploads\/2021\/08\/logo-300x300.png 300w, https:\/\/www.fablorn.net\/wp-content\/uploads\/2021\/08\/logo-150x150.png 150w, https:\/\/www.fablorn.net\/wp-content\/uploads\/2021\/08\/logo-768x768.png 768w, https:\/\/www.fablorn.net\/wp-content\/uploads\/2021\/08\/logo-1536x1536.png 1536w, https:\/\/www.fablorn.net\/wp-content\/uploads\/2021\/08\/logo-2048x2048.png 2048w, https:\/\/www.fablorn.net\/wp-content\/uploads\/2021\/08\/logo-50x50.png 50w\" sizes=\"(max-width: 384px) 100vw, 384px\" \/><\/figure><\/div>\n\n\n\n<p style=\"background-color:#eee95c\" class=\"has-text-color has-background has-text-align-center has-vivid-cyan-blue-color\">Laur\u00e9at de l&rsquo;appel \u00e0 projet <strong>AGIR POUR L&rsquo;ENVIRONNEMENT<\/strong> de la Fondation SNCF, le Fablab va pouvoir acheter ses premi\u00e8res machines !<\/p>\n\n\n\n<div class=\"wp-block-image\"><figure class=\"aligncenter size-large\"><img decoding=\"async\" loading=\"lazy\" width=\"230\" height=\"169\" src=\"http:\/\/fablorn.net\/wp-content\/uploads\/2021\/08\/logo-1.png\" alt=\"\" class=\"wp-image-1083\"\/><\/figure><\/div>\n\n\n\n<p><strong>A travers cet atelier, les objectifs de l&rsquo;association sont multiples :<\/strong><\/p>\n\n\n\n<ul><li>Sensibiliser \u00e0 la lutte contre la pollution plastique en montrant que l&rsquo;on peut r\u00e9employer cette mati\u00e8re pour cr\u00e9er de nouveaux objets.<\/li><li>Int\u00e9grer une communaut\u00e9 mondiale de partage de connaissances<\/li><li>Multiplier les actions p\u00e9dagogiques<\/li><li>D\u00e9velopper des partenariats avec les acteurs locaux (associations, \u00e9coles, entreprises, &#8230; )<\/li><li>Ouvrir encore un peu plus les portes du lab<\/li><\/ul>\n\n\n\n<p><strong>Les \u00e9tapes du processus :<\/strong><\/p>\n\n\n\n<ol><li>Collecter<\/li><\/ol>\n\n\n\n<div class=\"wp-block-image\"><figure class=\"aligncenter size-large is-resized\"><img decoding=\"async\" loading=\"lazy\" src=\"http:\/\/fablorn.net\/wp-content\/uploads\/2021\/08\/howto-collection-receiveplastic-1024x768.jpg\" alt=\"\" class=\"wp-image-1073\" width=\"427\" height=\"320\" srcset=\"https:\/\/www.fablorn.net\/wp-content\/uploads\/2021\/08\/howto-collection-receiveplastic-1024x768.jpg 1024w, https:\/\/www.fablorn.net\/wp-content\/uploads\/2021\/08\/howto-collection-receiveplastic-300x225.jpg 300w, https:\/\/www.fablorn.net\/wp-content\/uploads\/2021\/08\/howto-collection-receiveplastic-768x576.jpg 768w, https:\/\/www.fablorn.net\/wp-content\/uploads\/2021\/08\/howto-collection-receiveplastic.jpg 1138w\" sizes=\"(max-width: 427px) 100vw, 427px\" \/><\/figure><\/div>\n\n\n\n<p>2. Trier<\/p>\n\n\n\n<div class=\"wp-block-image\"><figure class=\"aligncenter size-large is-resized\"><img decoding=\"async\" loading=\"lazy\" src=\"http:\/\/fablorn.net\/wp-content\/uploads\/2021\/08\/maxresdefault-1024x576.jpg\" alt=\"\" class=\"wp-image-1074\" width=\"430\" height=\"242\" srcset=\"https:\/\/www.fablorn.net\/wp-content\/uploads\/2021\/08\/maxresdefault-1024x576.jpg 1024w, https:\/\/www.fablorn.net\/wp-content\/uploads\/2021\/08\/maxresdefault-300x169.jpg 300w, https:\/\/www.fablorn.net\/wp-content\/uploads\/2021\/08\/maxresdefault-768x432.jpg 768w, https:\/\/www.fablorn.net\/wp-content\/uploads\/2021\/08\/maxresdefault.jpg 1280w\" sizes=\"(max-width: 430px) 100vw, 430px\" \/><\/figure><\/div>\n\n\n\n<p>3. Broyer<\/p>\n\n\n\n<div class=\"wp-block-image\"><figure class=\"aligncenter size-large is-resized\"><img decoding=\"async\" loading=\"lazy\" src=\"http:\/\/fablorn.net\/wp-content\/uploads\/2021\/08\/images.jpg\" alt=\"\" class=\"wp-image-1075\" width=\"435\" height=\"328\"\/><\/figure><\/div>\n\n\n\n<p>4. Cr\u00e9er<\/p>\n\n\n\n<div class=\"wp-block-image\"><figure class=\"aligncenter size-large is-resized\"><img decoding=\"async\" loading=\"lazy\" src=\"http:\/\/fablorn.net\/wp-content\/uploads\/2021\/08\/injection-products-1-1024x576.jpg\" alt=\"\" class=\"wp-image-1078\" width=\"427\" height=\"240\" srcset=\"https:\/\/www.fablorn.net\/wp-content\/uploads\/2021\/08\/injection-products-1-1024x576.jpg 1024w, https:\/\/www.fablorn.net\/wp-content\/uploads\/2021\/08\/injection-products-1-300x169.jpg 300w, https:\/\/www.fablorn.net\/wp-content\/uploads\/2021\/08\/injection-products-1-768x432.jpg 768w, https:\/\/www.fablorn.net\/wp-content\/uploads\/2021\/08\/injection-products-1.jpg 1200w\" sizes=\"(max-width: 427px) 100vw, 427px\" \/><\/figure><\/div>\n\n\n\n<div class=\"wp-block-image\"><figure class=\"aligncenter size-large is-resized\"><img decoding=\"async\" loading=\"lazy\" src=\"http:\/\/fablorn.net\/wp-content\/uploads\/2021\/08\/images-1-1.jpg\" alt=\"\" class=\"wp-image-1079\" width=\"417\" height=\"277\"\/><\/figure><\/div>\n\n\n\n<div class=\"wp-block-image\"><figure class=\"aligncenter size-large is-resized\"><img decoding=\"async\" loading=\"lazy\" src=\"http:\/\/fablorn.net\/wp-content\/uploads\/2021\/08\/3325f16009ec969449b89154366f6ad7.png\" alt=\"\" class=\"wp-image-1080\" width=\"417\" height=\"417\" srcset=\"https:\/\/www.fablorn.net\/wp-content\/uploads\/2021\/08\/3325f16009ec969449b89154366f6ad7.png 500w, https:\/\/www.fablorn.net\/wp-content\/uploads\/2021\/08\/3325f16009ec969449b89154366f6ad7-300x300.png 300w, https:\/\/www.fablorn.net\/wp-content\/uploads\/2021\/08\/3325f16009ec969449b89154366f6ad7-150x150.png 150w, https:\/\/www.fablorn.net\/wp-content\/uploads\/2021\/08\/3325f16009ec969449b89154366f6ad7-50x50.png 50w\" sizes=\"(max-width: 417px) 100vw, 417px\" \/><\/figure><\/div>\n\n\n\n<p class=\"has-text-align-center\"><em><strong>Rendez-vous en septembre pour l&rsquo;achat des premi\u00e8res machines !!!<\/strong><\/em><\/p>\n","protected":false},"excerpt":{"rendered":"<p>Nouveau : Rentr\u00e9e 2021, le Fablab int\u00e8gre la communaut\u00e9 Pr\u00e9cious Plastic ! Laur\u00e9at de l&rsquo;appel \u00e0 projet AGIR POUR L&rsquo;ENVIRONNEMENT de la Fondation SNCF, le Fablab va pouvoir acheter ses premi\u00e8res machines ! A travers cet atelier, les objectifs de l&rsquo;association sont multiples : Sensibiliser \u00e0 la lutte contre la pollution plastique en montrant que [&hellip;]<\/p>\n","protected":false},"author":1,"featured_media":1072,"parent":0,"menu_order":0,"comment_status":"closed","ping_status":"closed","template":"","meta":[],"_wp_attached_file":null,"_wp_attachment_metadata":null,"_wp_attachment_context":null,"_wp_attachment_custom_header_last_used_twentyseventeen":null,"_wp_attachment_is_custom_header":null,"_wp_attachment_backup_sizes":null,"_wp_attachment_image_alt":null,"_oembed_e49fa112b0d6a49b06318866150db97b":null,"_menu_item_type":null,"_menu_item_menu_item_parent":null,"_menu_item_object_id":null,"_menu_item_object":null,"_menu_item_target":null,"_menu_item_classes":null,"_menu_item_xfn":null,"_menu_item_url":null,"_menu_item_template":null,"_menu_item_mega_template":null,"_menu_item_nolink":null,"_menu_item_category_post":null,"_menu_item_megamenu":null,"_menu_item_megamenu_auto_width":null,"_menu_item_megamenu_col":null,"_menu_item_megamenu_heading":null,"_menu_item_megamenu_widgetarea":null,"_menu_item_icon":null,"_oembed_6152ab67c9385ab8ed6fae445b4ae2dd":null,"_oembed_fbac3e1c93a06513a42cb2d1390ec2a9":null,"ocean_post_layout":"full-width","_thumbnail_id":"1072","ocean_gallery_link_images":null,"ocean_link_format_target":null,"ocean_quote_format_link":null,"enclosure":null,"_wp_old_date":null,"_oembed_4ffd94412871a99e71ea5cbba3338a81":null,"_oembed_8887e99e9aa5ab548c404df5dbdd2a0d":null,"_oembed_69d74c0e4773458865776f7b71bfd527":null,"_form":null,"_mail":null,"_mail_2":null,"_messages":null,"_additional_settings":null,"_locale":null,"_edit_lock":"1630391054:1","_edit_last":"1","_elementor_edit_mode":null,"_elementor_template_type":"wp-page","_elementor_version":"2.9.7","_wp_page_template":null,"_elementor_data":null,"_elementor_page_settings":null,"_elementor_css":null,"_wpas_done_all":null,"ocean_sidebar":"0","ocean_second_sidebar":"0","ocean_disable_margins":"enable","ocean_display_top_bar":"default","ocean_display_header":"default","ocean_center_header_left_menu":"0","ocean_custom_header_template":"0","ocean_header_custom_menu":"0","ocean_menu_typo_font_family":"0","ocean_disable_title":"default","ocean_disable_heading":"default","ocean_disable_breadcrumbs":"default","ocean_display_footer_widgets":"default","ocean_display_footer_bottom":"default","ocean_custom_footer_template":"0","_elementor_controls_usage":null,"_oembed_8479042a1480d3b76287d7d9f2b6ae70":null,"_elementor_page_assets":null,"_links":{"self":[{"href":"https:\/\/www.fablorn.net\/index.php\/wp-json\/wp\/v2\/pages\/1071"}],"collection":[{"href":"https:\/\/www.fablorn.net\/index.php\/wp-json\/wp\/v2\/pages"}],"about":[{"href":"https:\/\/www.fablorn.net\/index.php\/wp-json\/wp\/v2\/types\/page"}],"author":[{"embeddable":true,"href":"https:\/\/www.fablorn.net\/index.php\/wp-json\/wp\/v2\/users\/1"}],"replies":[{"embeddable":true,"href":"https:\/\/www.fablorn.net\/index.php\/wp-json\/wp\/v2\/comments?post=1071"}],"version-history":[{"count":4,"href":"https:\/\/www.fablorn.net\/index.php\/wp-json\/wp\/v2\/pages\/1071\/revisions"}],"predecessor-version":[{"id":1085,"href":"https:\/\/www.fablorn.net\/index.php\/wp-json\/wp\/v2\/pages\/1071\/revisions\/1085"}],"wp:featuredmedia":[{"embeddable":true,"href":"https:\/\/www.fablorn.net\/index.php\/wp-json\/wp\/v2\/media\/1072"}],"wp:attachment":[{"href":"https:\/\/www.fablorn.net\/index.php\/wp-json\/wp\/v2\/media?parent=1071"}],"curies":[{"name":"wp","href":"https:\/\/api.w.org\/{rel}","templated":true}]}}