{"id":150,"date":"2019-11-18T22:38:33","date_gmt":"2019-11-18T21:38:33","guid":{"rendered":"http:\/\/fablorn.net\/?page_id=150"},"modified":"2019-11-18T22:39:24","modified_gmt":"2019-11-18T21:39:24","slug":"formulaire-de-demande-de-projet","status":"publish","type":"page","link":"https:\/\/www.fablorn.net\/index.php\/formulaire-de-demande-de-projet\/","title":{"rendered":"Nouveau Projet."},"content":{"rendered":"\n<p>Avant de passer \u00e0 la phase de fabrication, merci de compl\u00e9ter le formulaire ci-dessous et d&rsquo;attendre une r\u00e9ponse de la part d&rsquo;un FabManager.<\/p>\n\n\n\n<iframe loading=\"lazy\" src=\"https:\/\/docs.google.com\/forms\/d\/e\/1FAIpQLSezHYjTOGG8E--zBAjR2wqhQaXTvLEuIq3qyfa-g_vvYVO86g\/viewform?embedded=true\" width=\"640\" height=\"1934\" frameborder=\"0\" marginheight=\"0\" marginwidth=\"0\">Chargement\u2026<\/iframe>\n\n\n\n<p><\/p>\n","protected":false},"excerpt":{"rendered":"<p>Avant de passer \u00e0 la phase de fabrication, merci de compl\u00e9ter le formulaire ci-dessous et d&rsquo;attendre une r\u00e9ponse de la part d&rsquo;un FabManager. Chargement\u2026<\/p>\n","protected":false},"author":1,"featured_media":0,"parent":0,"menu_order":0,"comment_status":"closed","ping_status":"closed","template":"","meta":[],"_wp_attached_file":null,"_wp_attachment_metadata":null,"_wp_attachment_context":null,"_wp_attachment_custom_header_last_used_twentyseventeen":null,"_wp_attachment_is_custom_header":null,"_wp_attachment_backup_sizes":null,"_wp_attachment_image_alt":null,"_oembed_e49fa112b0d6a49b06318866150db97b":null,"_menu_item_type":null,"_menu_item_menu_item_parent":null,"_menu_item_object_id":null,"_menu_item_object":null,"_menu_item_target":null,"_menu_item_classes":null,"_menu_item_xfn":null,"_menu_item_url":null,"_menu_item_template":null,"_menu_item_mega_template":null,"_menu_item_nolink":null,"_menu_item_category_post":null,"_menu_item_megamenu":null,"_menu_item_megamenu_auto_width":null,"_menu_item_megamenu_col":null,"_menu_item_megamenu_heading":null,"_menu_item_megamenu_widgetarea":null,"_menu_item_icon":null,"_oembed_6152ab67c9385ab8ed6fae445b4ae2dd":null,"_oembed_fbac3e1c93a06513a42cb2d1390ec2a9":null,"ocean_post_layout":null,"_thumbnail_id":null,"ocean_gallery_link_images":null,"ocean_link_format_target":null,"ocean_quote_format_link":null,"enclosure":null,"_wp_old_date":null,"_oembed_4ffd94412871a99e71ea5cbba3338a81":null,"_oembed_8887e99e9aa5ab548c404df5dbdd2a0d":null,"_oembed_69d74c0e4773458865776f7b71bfd527":null,"_form":null,"_mail":null,"_mail_2":null,"_messages":null,"_additional_settings":null,"_locale":null,"_edit_lock":"1576270661:2","_edit_last":null,"_elementor_edit_mode":null,"_elementor_template_type":null,"_elementor_version":null,"_wp_page_template":null,"_elementor_data":null,"_elementor_page_settings":null,"_elementor_css":null,"_wpas_done_all":null,"ocean_sidebar":null,"ocean_second_sidebar":null,"ocean_disable_margins":null,"ocean_display_top_bar":null,"ocean_display_header":null,"ocean_center_header_left_menu":null,"ocean_custom_header_template":null,"ocean_header_custom_menu":null,"ocean_menu_typo_font_family":null,"ocean_disable_title":null,"ocean_disable_heading":null,"ocean_disable_breadcrumbs":null,"ocean_display_footer_widgets":null,"ocean_display_footer_bottom":null,"ocean_custom_footer_template":null,"_elementor_controls_usage":null,"_oembed_8479042a1480d3b76287d7d9f2b6ae70":null,"_elementor_page_assets":null,"_links":{"self":[{"href":"https:\/\/www.fablorn.net\/index.php\/wp-json\/wp\/v2\/pages\/150"}],"collection":[{"href":"https:\/\/www.fablorn.net\/index.php\/wp-json\/wp\/v2\/pages"}],"about":[{"href":"https:\/\/www.fablorn.net\/index.php\/wp-json\/wp\/v2\/types\/page"}],"author":[{"embeddable":true,"href":"https:\/\/www.fablorn.net\/index.php\/wp-json\/wp\/v2\/users\/1"}],"replies":[{"embeddable":true,"href":"https:\/\/www.fablorn.net\/index.php\/wp-json\/wp\/v2\/comments?post=150"}],"version-history":[{"count":2,"href":"https:\/\/www.fablorn.net\/index.php\/wp-json\/wp\/v2\/pages\/150\/revisions"}],"predecessor-version":[{"id":152,"href":"https:\/\/www.fablorn.net\/index.php\/wp-json\/wp\/v2\/pages\/150\/revisions\/152"}],"wp:attachment":[{"href":"https:\/\/www.fablorn.net\/index.php\/wp-json\/wp\/v2\/media?parent=150"}],"curies":[{"name":"wp","href":"https:\/\/api.w.org\/{rel}","templated":true}]}}