{"id":345,"date":"2019-12-25T23:17:04","date_gmt":"2019-12-25T22:17:04","guid":{"rendered":"http:\/\/fablorn.net\/?page_id=345"},"modified":"2019-12-26T13:11:38","modified_gmt":"2019-12-26T12:11:38","slug":"tarif-adherent","status":"publish","type":"page","link":"https:\/\/www.fablorn.net\/index.php\/tarif-adherent\/","title":{"rendered":"Tarif des adh\u00e9sions et des prestations"},"content":{"rendered":"\n<p><em>Tarifs en vigueur au 1er janvier 2020, modifications possibles apr\u00e8s cette date.<\/em><\/p>\n\n\n\n<p><\/p>\n\n\n\n<p><strong>Adh\u00e9sion pour une dur\u00e9e de 6 mois calendaire <\/strong><\/p>\n\n\n\n<p>Simple : 20 \u20ac    (tarif r\u00e9duit  10 \u20ac pour \u00e9tudiants et ch\u00f4meurs)<\/p>\n\n\n\n<p><strong>Adh\u00e9sion annuelle <\/strong> <\/p>\n\n\n\n<p>Simple : 30 \u20ac    (tarif r\u00e9duit  15 \u20ac) <\/p>\n\n\n\n<p>Groupe : 50 \u20ac  (\u00e9coles, autres associations &#8230; )<\/p>\n\n\n\n<p><strong>Grille tarifaire<\/strong><\/p>\n\n\n\n<p><em>Pr\u00eat gratuit  d&rsquo;un mat\u00e9riel de robotique  aux \u00e9coles primaires adh\u00e9rentes en vue de leurs activit\u00e9s p\u00e9dagogiques. Par exemple : pr\u00eat <\/em> <em>sur une semaine<\/em> <em>de 10 robots <a rel=\"noreferrer noopener\" aria-label=\" (s\u2019ouvre dans un nouvel onglet)\" href=\"https:\/\/www.youtube.com\/watch?v=oW8BoMgX-bU\" target=\"_blank\">Maqueen<\/a> avec leur carte MicroBit , possibilit\u00e9 de formations en amont les mercredis.<\/em><\/p>\n\n\n\n<p><\/p>\n\n\n\n<figure class=\"wp-block-table is-style-stripes\"><table class=\"\"><tbody><tr><td><strong><em>Mat\u00e9riel, prestation<\/em><\/strong><\/td><td><em><strong>Tarif <\/strong><\/em><\/td><\/tr><tr><td>D\u00e9coupe-gravure Laser 80 W<\/td><td>10 \u20ac par heure (forfait 5 \u20ac)<\/td><\/tr><tr><td>Imprimante 3D<\/td><td>2 \u20ac  les 50 g de PLA<\/td><\/tr><tr><td>Fraiseuse num\u00e9rique Isel <\/td><td>10 \u20ac par heure + location outillage <\/td><\/tr><tr><td>D\u00e9coupe vinyle\/carton\/tissus<\/td><td>5 \u20ac par heure + consommable  (forfait 2 \u20ac) <\/td><\/tr><tr><td>Sublimation couleur<\/td><td>1 \u20ac l&rsquo;impression A4 (remplissage 50%)<\/td><\/tr><tr><td>MUG personnalis\u00e9<\/td><td>2,50 \u20ac (MUG + impression par sublimation)<\/td><\/tr><tr><td>Autres outillages<\/td><td>gratuit\u00e9<\/td><\/tr><tr><td>Mat\u00e9riels de laboratoire<\/td><td>gratuit\u00e9<\/td><\/tr><tr><td>Formations<\/td><td>gratuit\u00e9<\/td><\/tr><\/tbody><\/table><\/figure>\n\n\n\n<p><\/p>\n","protected":false},"excerpt":{"rendered":"<p>Tarifs en vigueur au 1er janvier 2020, modifications possibles apr\u00e8s cette date. Adh\u00e9sion pour une dur\u00e9e de 6 mois calendaire Simple : 20 \u20ac (tarif r\u00e9duit 10 \u20ac pour \u00e9tudiants et ch\u00f4meurs) Adh\u00e9sion annuelle Simple : 30 \u20ac (tarif r\u00e9duit 15 \u20ac) Groupe : 50 \u20ac (\u00e9coles, autres associations &#8230; ) Grille tarifaire Pr\u00eat gratuit [&hellip;]<\/p>\n","protected":false},"author":2,"featured_media":0,"parent":0,"menu_order":0,"comment_status":"closed","ping_status":"closed","template":"","meta":[],"_wp_attached_file":null,"_wp_attachment_metadata":null,"_wp_attachment_context":null,"_wp_attachment_custom_header_last_used_twentyseventeen":null,"_wp_attachment_is_custom_header":null,"_wp_attachment_backup_sizes":null,"_wp_attachment_image_alt":null,"_oembed_e49fa112b0d6a49b06318866150db97b":null,"_menu_item_type":null,"_menu_item_menu_item_parent":null,"_menu_item_object_id":null,"_menu_item_object":null,"_menu_item_target":null,"_menu_item_classes":null,"_menu_item_xfn":null,"_menu_item_url":null,"_menu_item_template":null,"_menu_item_mega_template":null,"_menu_item_nolink":null,"_menu_item_category_post":null,"_menu_item_megamenu":null,"_menu_item_megamenu_auto_width":null,"_menu_item_megamenu_col":null,"_menu_item_megamenu_heading":null,"_menu_item_megamenu_widgetarea":null,"_menu_item_icon":null,"_oembed_6152ab67c9385ab8ed6fae445b4ae2dd":null,"_oembed_fbac3e1c93a06513a42cb2d1390ec2a9":null,"ocean_post_layout":null,"_thumbnail_id":null,"ocean_gallery_link_images":null,"ocean_link_format_target":null,"ocean_quote_format_link":null,"enclosure":null,"_wp_old_date":null,"_oembed_4ffd94412871a99e71ea5cbba3338a81":null,"_oembed_8887e99e9aa5ab548c404df5dbdd2a0d":null,"_oembed_69d74c0e4773458865776f7b71bfd527":null,"_form":null,"_mail":null,"_mail_2":null,"_messages":null,"_additional_settings":null,"_locale":null,"_edit_lock":"1593042502:3","_edit_last":null,"_elementor_edit_mode":null,"_elementor_template_type":null,"_elementor_version":null,"_wp_page_template":null,"_elementor_data":null,"_elementor_page_settings":null,"_elementor_css":null,"_wpas_done_all":null,"ocean_sidebar":null,"ocean_second_sidebar":null,"ocean_disable_margins":null,"ocean_display_top_bar":null,"ocean_display_header":null,"ocean_center_header_left_menu":null,"ocean_custom_header_template":null,"ocean_header_custom_menu":null,"ocean_menu_typo_font_family":null,"ocean_disable_title":null,"ocean_disable_heading":null,"ocean_disable_breadcrumbs":null,"ocean_display_footer_widgets":null,"ocean_display_footer_bottom":null,"ocean_custom_footer_template":null,"_elementor_controls_usage":null,"_oembed_8479042a1480d3b76287d7d9f2b6ae70":null,"_elementor_page_assets":null,"_links":{"self":[{"href":"https:\/\/www.fablorn.net\/index.php\/wp-json\/wp\/v2\/pages\/345"}],"collection":[{"href":"https:\/\/www.fablorn.net\/index.php\/wp-json\/wp\/v2\/pages"}],"about":[{"href":"https:\/\/www.fablorn.net\/index.php\/wp-json\/wp\/v2\/types\/page"}],"author":[{"embeddable":true,"href":"https:\/\/www.fablorn.net\/index.php\/wp-json\/wp\/v2\/users\/2"}],"replies":[{"embeddable":true,"href":"https:\/\/www.fablorn.net\/index.php\/wp-json\/wp\/v2\/comments?post=345"}],"version-history":[{"count":18,"href":"https:\/\/www.fablorn.net\/index.php\/wp-json\/wp\/v2\/pages\/345\/revisions"}],"predecessor-version":[{"id":370,"href":"https:\/\/www.fablorn.net\/index.php\/wp-json\/wp\/v2\/pages\/345\/revisions\/370"}],"wp:attachment":[{"href":"https:\/\/www.fablorn.net\/index.php\/wp-json\/wp\/v2\/media?parent=345"}],"curies":[{"name":"wp","href":"https:\/\/api.w.org\/{rel}","templated":true}]}}