{"id":607,"date":"2020-05-09T12:53:23","date_gmt":"2020-05-09T10:53:23","guid":{"rendered":"http:\/\/fablorn.net\/?page_id=607"},"modified":"2020-08-28T23:58:31","modified_gmt":"2020-08-28T21:58:31","slug":"mentions-legales","status":"publish","type":"page","link":"https:\/\/www.fablorn.net\/index.php\/mentions-legales\/","title":{"rendered":"Mentions l\u00e9gales"},"content":{"rendered":"\t\t<div data-elementor-type=\"wp-page\" data-elementor-id=\"607\" class=\"elementor elementor-607\">\n\t\t\t\t\t\t<div class=\"elementor-inner\">\n\t\t\t\t<div class=\"elementor-section-wrap\">\n\t\t\t\t\t\t\t\t\t<section class=\"elementor-section elementor-top-section elementor-element elementor-element-fcbecd0 elementor-section-boxed elementor-section-height-default elementor-section-height-default\" data-id=\"fcbecd0\" data-element_type=\"section\">\n\t\t\t\t\t\t<div class=\"elementor-container elementor-column-gap-default\">\n\t\t\t\t\t\t\t<div class=\"elementor-row\">\n\t\t\t\t\t<div class=\"elementor-column elementor-col-100 elementor-top-column elementor-element elementor-element-d682118\" data-id=\"d682118\" data-element_type=\"column\">\n\t\t\t<div class=\"elementor-column-wrap elementor-element-populated\">\n\t\t\t\t\t\t\t<div class=\"elementor-widget-wrap\">\n\t\t\t\t\t\t<div class=\"elementor-element elementor-element-09d2184 elementor-widget elementor-widget-text-editor\" data-id=\"09d2184\" data-element_type=\"widget\" data-widget_type=\"text-editor.default\">\n\t\t\t\t<div class=\"elementor-widget-container\">\n\t\t\t\t\t\t\t\t<div class=\"elementor-text-editor elementor-clearfix\">\n\t\t\t\t<p><strong>Mentions l\u00e9gales :<\/strong><\/p><p>Le site Fablorn.net est g\u00e9r\u00e9 par les membres du bureau de l&rsquo;association\u00a0<br \/>Ce site est \u00e0 finalit\u00e9 non commerciale.<\/p><p>Date de cr\u00e9ation : novembre 2018<br \/>H\u00e9bergeur : OVH, 2 rue Kellermann \u2013 59100 Roubaix \u2013 France<\/p><p><strong>Politique de confidentialit\u00e9 :<\/strong><\/p><p>Le site Fablorn.net\u00a0 recueille des donn\u00e9es \u00e0 des fins d\u2019utilisation priv\u00e9e et ob\u00e9it aux dispositions pr\u00e9vues par le RGPD.<\/p><p>Vous pouvez demander \u00e0 tout moment l\u2019acc\u00e8s, la rectification, l\u2019interrogation ou la suppression des donn\u00e9es vous concernant en \u00e9crivant \u00e0 : contact@fablorn.net<\/p><p><br \/>En ayant coch\u00e9 la case associ\u00e9e \u00e0 chaque formulaire, vous acceptez que les donn\u00e9es fournies soit trait\u00e9es dans les conditions de notre politique de confidentialit\u00e9.<\/p><p>Les donn\u00e9es g\u00e9n\u00e9r\u00e9es par ces formulaires seront exclusivement g\u00e9r\u00e9es par les membres du bureau de l&rsquo;association pour les finalit\u00e9s pr\u00e9vues.<\/p><p>Les donn\u00e9es recueillies par le biais des formulaires seront utilis\u00e9es :<\/p><ul><li>dans le cas du formulaire \u00ab newsletter \u00bb pour faire parvenir une newsletter aux abonn\u00e9es.<\/li><li>dans le cas du formulaire de contact pour r\u00e9pondre aux sollicitations des utilisateurs.<br \/><br \/><\/li><\/ul>\t\t\t\t\t<\/div>\n\t\t\t\t\t\t<\/div>\n\t\t\t\t<\/div>\n\t\t\t\t\t\t<\/div>\n\t\t\t\t\t<\/div>\n\t\t<\/div>\n\t\t\t\t\t\t\t\t<\/div>\n\t\t\t\t\t<\/div>\n\t\t<\/section>\n\t\t\t\t\t\t\t\t\t<\/div>\n\t\t\t<\/div>\n\t\t\t\t\t<\/div>\n\t\t","protected":false},"excerpt":{"rendered":"<p>Mentions l\u00e9gales : Le site Fablorn.net est g\u00e9r\u00e9 par les membres du bureau de l&rsquo;association&nbsp; Ce site est \u00e0 finalit\u00e9 non commerciale. Date de cr\u00e9ation : novembre 2018 H\u00e9bergeur : OVH, 2 rue Kellermann \u2013 59100 Roubaix \u2013 France Politique de confidentialit\u00e9 : Le site Fablorn.net&nbsp; recueille des donn\u00e9es \u00e0 des fins d\u2019utilisation priv\u00e9e et [&hellip;]<\/p>\n","protected":false},"author":2,"featured_media":0,"parent":0,"menu_order":0,"comment_status":"closed","ping_status":"closed","template":"","meta":[],"_wp_attached_file":null,"_wp_attachment_metadata":null,"_wp_attachment_context":null,"_wp_attachment_custom_header_last_used_twentyseventeen":null,"_wp_attachment_is_custom_header":null,"_wp_attachment_backup_sizes":null,"_wp_attachment_image_alt":null,"_oembed_e49fa112b0d6a49b06318866150db97b":null,"_menu_item_type":null,"_menu_item_menu_item_parent":null,"_menu_item_object_id":null,"_menu_item_object":null,"_menu_item_target":null,"_menu_item_classes":null,"_menu_item_xfn":null,"_menu_item_url":null,"_menu_item_template":null,"_menu_item_mega_template":null,"_menu_item_nolink":null,"_menu_item_category_post":null,"_menu_item_megamenu":null,"_menu_item_megamenu_auto_width":null,"_menu_item_megamenu_col":null,"_menu_item_megamenu_heading":null,"_menu_item_megamenu_widgetarea":null,"_menu_item_icon":null,"_oembed_6152ab67c9385ab8ed6fae445b4ae2dd":null,"_oembed_fbac3e1c93a06513a42cb2d1390ec2a9":null,"ocean_post_layout":null,"_thumbnail_id":null,"ocean_gallery_link_images":null,"ocean_link_format_target":null,"ocean_quote_format_link":null,"enclosure":null,"_wp_old_date":null,"_oembed_4ffd94412871a99e71ea5cbba3338a81":null,"_oembed_8887e99e9aa5ab548c404df5dbdd2a0d":null,"_oembed_69d74c0e4773458865776f7b71bfd527":null,"_form":null,"_mail":null,"_mail_2":null,"_messages":null,"_additional_settings":null,"_locale":null,"_edit_lock":"1598651845:2","_edit_last":"2","_elementor_edit_mode":"builder","_elementor_template_type":"wp-page","_elementor_version":"2.9.7","_wp_page_template":"default","_elementor_data":"[{\"id\":\"fcbecd0\",\"elType\":\"section\",\"settings\":[],\"elements\":[{\"id\":\"d682118\",\"elType\":\"column\",\"settings\":{\"_column_size\":100,\"_inline_size\":null},\"elements\":[{\"id\":\"09d2184\",\"elType\":\"widget\",\"settings\":{\"editor\":\"<p><strong>Mentions l\\u00e9gales :<\\\/strong><\\\/p><p>Le site Fablorn.net est g\\u00e9r\\u00e9 par les membres du bureau de l'association\\u00a0<br \\\/>Ce site est \\u00e0 finalit\\u00e9 non commerciale.<\\\/p><p>Date de cr\\u00e9ation : novembre 2018<br \\\/>H\\u00e9bergeur : OVH, 2 rue Kellermann \\u2013 59100 Roubaix \\u2013 France<\\\/p><p><strong>Politique de confidentialit\\u00e9 :<\\\/strong><\\\/p><p>Le site Fablorn.net\\u00a0 recueille des donn\\u00e9es \\u00e0 des fins d\\u2019utilisation priv\\u00e9e et ob\\u00e9it aux dispositions pr\\u00e9vues par le RGPD.<\\\/p><p>Vous pouvez demander \\u00e0 tout moment l\\u2019acc\\u00e8s, la rectification, l\\u2019interrogation ou la suppression des donn\\u00e9es vous concernant en \\u00e9crivant \\u00e0 : contact@fablorn.net<\\\/p><p><br \\\/>En ayant coch\\u00e9 la case associ\\u00e9e \\u00e0 chaque formulaire, vous acceptez que les donn\\u00e9es fournies soit trait\\u00e9es dans les conditions de notre politique de confidentialit\\u00e9.<\\\/p><p>Les donn\\u00e9es g\\u00e9n\\u00e9r\\u00e9es par ces formulaires seront exclusivement g\\u00e9r\\u00e9es par les membres du bureau de l'association pour les finalit\\u00e9s pr\\u00e9vues.<\\\/p><p>Les donn\\u00e9es recueillies par le biais des formulaires seront utilis\\u00e9es :<\\\/p><ul><li>dans le cas du formulaire \\u00ab newsletter \\u00bb pour faire parvenir une newsletter aux abonn\\u00e9es.<\\\/li><li>dans le cas du formulaire de contact pour r\\u00e9pondre aux sollicitations des utilisateurs.<br \\\/><br \\\/><\\\/li><\\\/ul>\"},\"elements\":[],\"widgetType\":\"text-editor\"}],\"isInner\":false}],\"isInner\":false}]","_elementor_page_settings":null,"_elementor_css":{"time":1678930924,"fonts":[],"icons":[],"dynamic_elements_ids":[],"status":"empty","0":"","css":""},"_wpas_done_all":null,"ocean_sidebar":"0","ocean_second_sidebar":"0","ocean_disable_margins":"enable","ocean_display_top_bar":"default","ocean_display_header":"default","ocean_center_header_left_menu":"0","ocean_custom_header_template":"0","ocean_header_custom_menu":"0","ocean_menu_typo_font_family":"0","ocean_disable_title":"default","ocean_disable_heading":"default","ocean_disable_breadcrumbs":"default","ocean_display_footer_widgets":"default","ocean_display_footer_bottom":"default","ocean_custom_footer_template":"0","_elementor_controls_usage":{"text-editor":{"count":1,"control_percent":0,"controls":{"content":{"section_editor":{"editor":1}}}},"column":{"count":1,"control_percent":0,"controls":{"layout":{"layout":{"_inline_size":1}}}},"section":{"count":1,"control_percent":0,"controls":[]}},"_oembed_8479042a1480d3b76287d7d9f2b6ae70":null,"_elementor_page_assets":null,"_links":{"self":[{"href":"https:\/\/www.fablorn.net\/index.php\/wp-json\/wp\/v2\/pages\/607"}],"collection":[{"href":"https:\/\/www.fablorn.net\/index.php\/wp-json\/wp\/v2\/pages"}],"about":[{"href":"https:\/\/www.fablorn.net\/index.php\/wp-json\/wp\/v2\/types\/page"}],"author":[{"embeddable":true,"href":"https:\/\/www.fablorn.net\/index.php\/wp-json\/wp\/v2\/users\/2"}],"replies":[{"embeddable":true,"href":"https:\/\/www.fablorn.net\/index.php\/wp-json\/wp\/v2\/comments?post=607"}],"version-history":[{"count":4,"href":"https:\/\/www.fablorn.net\/index.php\/wp-json\/wp\/v2\/pages\/607\/revisions"}],"predecessor-version":[{"id":819,"href":"https:\/\/www.fablorn.net\/index.php\/wp-json\/wp\/v2\/pages\/607\/revisions\/819"}],"wp:attachment":[{"href":"https:\/\/www.fablorn.net\/index.php\/wp-json\/wp\/v2\/media?parent=607"}],"curies":[{"name":"wp","href":"https:\/\/api.w.org\/{rel}","templated":true}]}}